{"id":18,"date":"2018-11-19T17:01:02","date_gmt":"2018-11-19T15:01:02","guid":{"rendered":"https:\/\/slov-trans.sk\/?page_id=18"},"modified":"2023-07-13T21:44:50","modified_gmt":"2023-07-13T19:44:50","slug":"about","status":"publish","type":"page","link":"https:\/\/slov-trans.sk\/?page_id=18","title":{"rendered":"O nas"},"content":{"rendered":"<p><span lang=\"sk-SK\">Spolo\u010dnos\u0165 Slo<\/span><span lang=\"en-US\">vTrans <\/span><span lang=\"sk-SK\">SK. s.r.o. vznikla v roku 2014. Na\u0161a spolo\u010dnos\u0165 sa zaober\u00e1 medzin\u00e1rodnou i vn\u00fatro\u0161tatnou kamionovou prepravou. Spolo\u010dnos\u0165 sa zaober\u00e1 prepravou r\u00f4znorod\u00e9ho tovaru od 0,1 tony do 24 ton. Tieto prepravy vykon\u00e1vame vozidlami MERCEDES a \u0161pecialnymi s\u00fapravami Kogel. Zameriavame sa na \u00fazemie EU, POBALTSK\u00ddCH \u0160T\u00c1TOV, BALK\u00c1NU, UKRAJINY A MOLDAVSKA. Na\u0161a firma sa nach\u00e1dza v bl\u00edzkosti \u0161t\u00e1tnych hran\u00edc s Ukrajinou v meste Sobrance<\/span><span lang=\"uk-UA\">.<\/span><\/p>\n","protected":false},"excerpt":{"rendered":"<p>Spolo\u010dnos\u0165 SlovTrans SK. s.r.o. vznikla v roku 2014. Na\u0161a spolo\u010dnos\u0165 sa zaober\u00e1 medzin\u00e1rodnou i vn\u00fatro\u0161tatnou kamionovou prepravou. Spolo\u010dnos\u0165 sa zaober\u00e1 prepravou r\u00f4znorod\u00e9ho tovaru od 0,1 tony do 24 ton. Tieto prepravy vykon\u00e1vame vozidlami MERCEDES a \u0161pecialnymi s\u00fapravami Kogel. Zameriavame sa na \u00fazemie EU, POBALTSK\u00ddCH \u0160T\u00c1TOV, BALK\u00c1NU, UKRAJINY A MOLDAVSKA. Na\u0161a firma sa nach\u00e1dza v bl\u00edzkosti [&hellip;]<\/p>\n","protected":false},"author":1,"featured_media":0,"parent":0,"menu_order":0,"comment_status":"closed","ping_status":"closed","template":"full-width.php","meta":{"footnotes":""},"class_list":["post-18","page","type-page","status-publish","hentry"],"_links":{"self":[{"href":"https:\/\/slov-trans.sk\/index.php?rest_route=\/wp\/v2\/pages\/18","targetHints":{"allow":["GET"]}}],"collection":[{"href":"https:\/\/slov-trans.sk\/index.php?rest_route=\/wp\/v2\/pages"}],"about":[{"href":"https:\/\/slov-trans.sk\/index.php?rest_route=\/wp\/v2\/types\/page"}],"author":[{"embeddable":true,"href":"https:\/\/slov-trans.sk\/index.php?rest_route=\/wp\/v2\/users\/1"}],"replies":[{"embeddable":true,"href":"https:\/\/slov-trans.sk\/index.php?rest_route=%2Fwp%2Fv2%2Fcomments&post=18"}],"version-history":[{"count":6,"href":"https:\/\/slov-trans.sk\/index.php?rest_route=\/wp\/v2\/pages\/18\/revisions"}],"predecessor-version":[{"id":111,"href":"https:\/\/slov-trans.sk\/index.php?rest_route=\/wp\/v2\/pages\/18\/revisions\/111"}],"wp:attachment":[{"href":"https:\/\/slov-trans.sk\/index.php?rest_route=%2Fwp%2Fv2%2Fmedia&parent=18"}],"curies":[{"name":"wp","href":"https:\/\/api.w.org\/{rel}","templated":true}]}}